{"id":1241,"date":"2016-10-14T15:21:42","date_gmt":"2016-10-14T13:21:42","guid":{"rendered":"http:\/\/www.stand-by-off.com\/es\/pagina-iniziale-copia\/"},"modified":"2025-09-11T15:02:34","modified_gmt":"2025-09-11T13:02:34","slug":"homepage","status":"publish","type":"page","link":"https:\/\/www.stand-by-off.com\/es\/","title":{"rendered":"Home"},"content":{"rendered":"<p>Stand by OFF<br \/>\nTake off to go on<\/p>\n<p>Nos centramos en su \u00e9xito en la feria<\/p>\n<p>\u00a1El stand es la tarjeta de presentaci\u00f3n de la empresa!<br \/>\nRefleja su fuerza en el mercado y la imagen que quiere dar de s\u00ed mismo al mundo.<br \/>\nSolidez, Innovaci\u00f3n, Tradici\u00f3n, Eficiencia y Fiabilidad son conceptos que un dise\u00f1o personalizado debe transmitir al visitante.<br \/>\nLa organizaci\u00f3n de un evento requiere precisi\u00f3n y atenci\u00f3n.<br \/>\nConf\u00ede en nosotros, un equipo que gracias a nuestra actividad internacional est\u00e1 al d\u00eda de las tendencias para dise\u00f1ar su stand y proporcionarle una ayuda decisiva en su presencia en la feria.<br \/>\nActivos en Europa desde hace m\u00e1s de 20 a\u00f1os, somos para nuestros clientes un punto fijo de referencia.<\/p>\n<p>\u00a1Hacemos su proyecto eco-sostenible!<\/p>\n<p><a href=\"https:\/\/www.offongreen.de\" target=\"_blank\"><img decoding=\"async\" src=\"https:\/\/www.stand-by-off.com\/wp-content\/uploads\/2020\/12\/offgreenlink.png\" \/><\/a><\/p>\n<p><a href=\"https:\/\/www.offongreen.de\" target=\"_blank\">www.offongreen.de<\/a><\/p>\n<p>portfolio<br \/>\nQue hacemos<\/p>\n<p><a href=\"http:\/\/www.stand-by-off.com\/es\/portfolio\">Galeria de fotos<\/a><\/p>\n<p>nuestro clientes<\/p>\n<p><img decoding=\"async\" src=\"https:\/\/www.stand-by-off.com\/wp-content\/uploads\/2020\/11\/021.jpg\" \/><\/p>\n<p><img decoding=\"async\" src=\"https:\/\/www.stand-by-off.com\/wp-content\/uploads\/2020\/11\/017.jpg\" \/><\/p>\n<p><img decoding=\"async\" src=\"https:\/\/www.stand-by-off.com\/wp-content\/uploads\/2020\/11\/022.jpg\" \/><\/p>\n<p><img decoding=\"async\" src=\"https:\/\/www.stand-by-off.com\/wp-content\/uploads\/2020\/12\/024.jpg\" \/><\/p>\n<p><img decoding=\"async\" src=\"https:\/\/www.stand-by-off.com\/wp-content\/uploads\/2020\/11\/020.jpg\" \/><\/p>\n<p><img decoding=\"async\" src=\"https:\/\/www.stand-by-off.com\/wp-content\/uploads\/2020\/12\/025.jpg\" \/><\/p>\n<p><img decoding=\"async\" src=\"https:\/\/www.stand-by-off.com\/wp-content\/uploads\/2020\/11\/015.jpg\" \/><\/p>\n<p><img decoding=\"async\" src=\"https:\/\/www.stand-by-off.com\/wp-content\/uploads\/2020\/11\/014.jpg\" \/><\/p>\n<p><img decoding=\"async\" src=\"https:\/\/www.stand-by-off.com\/wp-content\/uploads\/2020\/11\/013.jpg\" \/><\/p>\n<p><img decoding=\"async\" src=\"https:\/\/www.stand-by-off.com\/wp-content\/uploads\/2020\/11\/012.jpg\" \/><\/p>\n<p><img decoding=\"async\" src=\"https:\/\/www.stand-by-off.com\/wp-content\/uploads\/2020\/12\/028.jpg\" \/><\/p>\n<p><img decoding=\"async\" src=\"https:\/\/www.stand-by-off.com\/wp-content\/uploads\/2020\/11\/011.jpg\" \/><\/p>\n<p><img decoding=\"async\" src=\"https:\/\/www.stand-by-off.com\/wp-content\/uploads\/2020\/11\/009.jpg\" \/><\/p>\n<p><img decoding=\"async\" src=\"https:\/\/www.stand-by-off.com\/wp-content\/uploads\/2020\/11\/016.jpg\" \/><\/p>\n<p><img decoding=\"async\" src=\"https:\/\/www.stand-by-off.com\/wp-content\/uploads\/2020\/12\/029.jpg\" \/><\/p>\n<p><img decoding=\"async\" src=\"https:\/\/www.stand-by-off.com\/wp-content\/uploads\/2020\/11\/008.jpg\" \/><\/p>\n<p><img decoding=\"async\" src=\"https:\/\/www.stand-by-off.com\/wp-content\/uploads\/2020\/11\/007.jpg\" \/><\/p>\n<p><img decoding=\"async\" src=\"https:\/\/www.stand-by-off.com\/wp-content\/uploads\/2020\/11\/006.jpg\" \/><\/p>\n<p><img decoding=\"async\" src=\"https:\/\/www.stand-by-off.com\/wp-content\/uploads\/2020\/11\/005.jpg\" \/><\/p>\n<p><img decoding=\"async\" src=\"https:\/\/www.stand-by-off.com\/wp-content\/uploads\/2020\/11\/018.jpg\" \/><\/p>\n<p><img decoding=\"async\" src=\"https:\/\/www.stand-by-off.com\/wp-content\/uploads\/2020\/11\/004.jpg\" \/><\/p>\n<p><img decoding=\"async\" src=\"https:\/\/www.stand-by-off.com\/wp-content\/uploads\/2020\/12\/027.jpg\" \/><\/p>\n<p><img decoding=\"async\" src=\"https:\/\/www.stand-by-off.com\/wp-content\/uploads\/2020\/11\/003.jpg\" \/><\/p>\n<p><img decoding=\"async\" src=\"https:\/\/www.stand-by-off.com\/wp-content\/uploads\/2020\/11\/002.jpg\" \/><\/p>\n<p><img decoding=\"async\" src=\"https:\/\/www.stand-by-off.com\/wp-content\/uploads\/2020\/12\/026.jpg\" \/><\/p>\n<p><img decoding=\"async\" src=\"https:\/\/www.stand-by-off.com\/wp-content\/uploads\/2020\/11\/010.jpg\" \/><\/p>\n<p><img decoding=\"async\" src=\"https:\/\/www.stand-by-off.com\/wp-content\/uploads\/2020\/11\/023.jpg\" \/><\/p>\n<p><img decoding=\"async\" src=\"https:\/\/www.stand-by-off.com\/wp-content\/uploads\/2020\/11\/001.jpg\" \/><\/p>\n<p><img decoding=\"async\" src=\"https:\/\/www.stand-by-off.com\/wp-content\/uploads\/2020\/11\/019.jpg\" \/><\/p>\n<p>&#8230;y muchos m\u00e1s.<\/p>\n<p>servicios<\/p>\n<p>Consultor\u00eda<br \/>\nEl primer paso para hacer realidad su proyecto personalizado, a la medida de sus necesidades y objetivos.<\/p>\n<p>Servicio integral<br \/>\nDesde la idea hasta la entrega del proyecto \u201cllave en mano\u201d.<\/p>\n<p>Experiencia al servicio del cliente<br \/>\nM\u00e1s de veinte a\u00f1os de experiencia en toda Europa hacen de nuestra agencia un partner \u00fatil que aporta valor a\u00f1adido.<\/p>\n<p>Dise\u00f1o<br \/>\nYa sea innovador o cl\u00e1sico, complejo o minimalista, se crea y desarolla para la promoci\u00f3n de su empresa.<\/p>\n<p>Nuestra historia<br \/>\nLa OFF nace en junio de 1997 con un fax sencillo y un peque\u00f1o ordenador.<br \/>\nA\u00f1o tras a\u00f1o, a trav\u00e9s de vicisitudes de todo tipo, hemos atesorado experiencias que nos han hecho crecer. Estamos satisfechos de nuestros esfuerzos y la posici\u00f3n alcanzada en nuestro sector.<br \/>\nParticipamos cada a\u00f1o entre 40 y 50 ferias en toda Europa. Siempre listos para afrontar nuevos retos y seguir a nuestros clientes all\u00e1 donde vayan.<br \/>\nLa clave de nuestro \u00e9xito radica en la pasi\u00f3n y diversi\u00f3n que encontramos en nuestro trabajo, en la atenci\u00f3n que ponemos a la realizaci\u00f3n del stand desarrollado gracias a la sinergia de las ideas de nuestros clientes y nuestra experiencia. Estamos acostumbrados a trabajar bajo presi\u00f3n y estamos abiertos a nuevos desaf\u00edos.<br \/>\nSon muchos los clientes que fielmente de a\u00f1o en a\u00f1o siguen contratando nuestros servicios, cuya confianza agradecemos inmensamente. Por supuesto, nos gustar\u00eda que nuestra familia siga creciendo.<\/p>\n<p>Cuente con O.F.F. para seguir adelante, \u00a1Les esperamos!<\/p>\n<p><a href=\"https:\/\/www.stand-by-off.com\/wp-content\/uploads\/2025\/03\/Ausschnitt-Silber-Preis_-CPHI.png\" target=\"_blank\"><img decoding=\"async\" src=\"https:\/\/www.stand-by-off.com\/wp-content\/uploads\/2025\/03\/premio2_small.jpg\" \/><\/a><\/p>\n<p><a href=\"https:\/\/www.stand-by-off.com\/wp-content\/uploads\/2025\/03\/Ausschnitt-Silber-Preis_-CPHI.png\" target=\"_blank\">\u2192<\/a><\/p>\n<p><a href=\"https:\/\/www.stand-by-off.com\/wp-content\/uploads\/2024\/01\/better_stand.pdf\" target=\"_blank\"><img decoding=\"async\" src=\"https:\/\/www.stand-by-off.com\/wp-content\/uploads\/2024\/01\/premio_small.jpg\" \/><\/a><\/p>\n<p><a href=\"https:\/\/www.stand-by-off.com\/wp-content\/uploads\/2024\/01\/better_stand.pdf\" target=\"_blank\">\u279c<\/a><\/p>\n<p>Equipo<\/p>\n<p><img decoding=\"async\" src=\"https:\/\/www.stand-by-off.com\/wp-content\/uploads\/2016\/12\/cristina_team_off.jpg\" \/>Maria Cristina<br \/>\nCaracciolo<br \/>\nFundadora y Administradora<br \/>\ninfo@stand-by-off.com<\/p>\n<p><img decoding=\"async\" src=\"https:\/\/www.stand-by-off.com\/wp-content\/uploads\/2025\/03\/tarateam.jpg\" \/>Tara<br \/>\nSalerno<br \/>\nGerente de proyecto<\/p>\n<p><img decoding=\"async\" src=\"https:\/\/www.stand-by-off.com\/wp-content\/uploads\/2016\/12\/beatrice_team_stand_off.jpg\" \/>Beatrice<br \/>\nBolletta<br \/>\nDibujante<\/p>\n<p>Como lo hacemos<\/p>\n<p><a href=\"http:\/\/www.stand-by-off.com\/es\/gallery_team\">Nuestros carpinteros trabajando <\/a><br \/>\n<a href=\"http:\/\/www.stand-by-off.com\/es\/gallery_team\">Galeria de fotos<\/a><\/p>\n<p>Contactos<\/p>\n<p>STAND BY OFF<\/p>\n<p>Biedenkopfer Weg 100<br \/>\n60489 &#8211; Frankfurt am Main<\/p>\n<p>Tel.: (0049) 69 78801262<\/p>\n<p>Fax: (0049) 69 78801263<\/p>\n<p><a href=\"mailto:info@stand-by-off.com\">info@stand-by-off.com<\/a><br \/>\n<a href=\"http:\/\/www.std-by-off.com\">www.stand-by-off.com<\/a><\/p>\n<p>Calendario de Eventos<br \/>\n<a href=\"http:\/\/www.stand-by-off.com\/it\/events\">Ver todos los eventos<\/a><\/p>\n<p><img decoding=\"async\" src=\"https:\/\/www.stand-by-off.com\/wp-content\/uploads\/2016\/12\/bg_stand-by-off.jpg\" \/><\/p>\n","protected":false},"excerpt":{"rendered":"<p class=\"excerpt\">Stand by OFF Take off to go on Nos centramos en su \u00e9xito en la feria \u00a1El stand es la tarjeta de presentaci\u00f3n de la empresa! Refleja su fuerza en [&hellip;]<\/p>\n","protected":false},"author":3,"featured_media":0,"parent":0,"menu_order":0,"comment_status":"closed","ping_status":"closed","template":"builder.php","meta":{"footnotes":""},"class_list":["post-1241","page","type-page","status-publish","hentry"],"aioseo_notices":[],"_links":{"self":[{"href":"https:\/\/www.stand-by-off.com\/es\/wp-json\/wp\/v2\/pages\/1241","targetHints":{"allow":["GET"]}}],"collection":[{"href":"https:\/\/www.stand-by-off.com\/es\/wp-json\/wp\/v2\/pages"}],"about":[{"href":"https:\/\/www.stand-by-off.com\/es\/wp-json\/wp\/v2\/types\/page"}],"author":[{"embeddable":true,"href":"https:\/\/www.stand-by-off.com\/es\/wp-json\/wp\/v2\/users\/3"}],"replies":[{"embeddable":true,"href":"https:\/\/www.stand-by-off.com\/es\/wp-json\/wp\/v2\/comments?post=1241"}],"version-history":[{"count":1214,"href":"https:\/\/www.stand-by-off.com\/es\/wp-json\/wp\/v2\/pages\/1241\/revisions"}],"predecessor-version":[{"id":21710,"href":"https:\/\/www.stand-by-off.com\/es\/wp-json\/wp\/v2\/pages\/1241\/revisions\/21710"}],"wp:attachment":[{"href":"https:\/\/www.stand-by-off.com\/es\/wp-json\/wp\/v2\/media?parent=1241"}],"curies":[{"name":"wp","href":"https:\/\/api.w.org\/{rel}","templated":true}]}}