{"id":1924,"date":"2016-10-24T11:05:27","date_gmt":"2016-10-24T09:05:27","guid":{"rendered":"http:\/\/www.stand-by-off.com\/es\/gallery_team\/"},"modified":"2025-09-11T15:02:28","modified_gmt":"2025-09-11T13:02:28","slug":"gallery_team","status":"publish","type":"page","link":"https:\/\/www.stand-by-off.com\/es\/gallery_team\/","title":{"rendered":"gallery team"},"content":{"rendered":"<p>Nuestros carpinteros trabajando<br \/>\nNuestra carpenteria es el coraz\u00f3n de sus stands.<br \/>\nNo solo por la profesionalidad y larga experiencia,<br \/>\nsino tambi\u00e9n por una atenci\u00f3n especial hac\u00eda los materiales e instalaciones de \u00faltima generaci\u00f3n.<\/p>\n<p><img decoding=\"async\" src=\"https:\/\/www.stand-by-off.com\/wp-content\/uploads\/2016\/10\/001_off_team.jpg\" \/><br \/>\n\t\t\t\t<img decoding=\"async\" src=\"https:\/\/www.stand-by-off.com\/wp-content\/uploads\/2016\/10\/003_off_team.jpg\" \/><br \/>\n\t\t\t\t<img decoding=\"async\" src=\"https:\/\/www.stand-by-off.com\/wp-content\/uploads\/2016\/10\/007_off_team.jpg\" \/><br \/>\n\t\t\t\t<img decoding=\"async\" src=\"https:\/\/www.stand-by-off.com\/wp-content\/uploads\/2016\/10\/005_off_team.jpg\" \/><br \/>\n\t\t\t\t<img decoding=\"async\" src=\"https:\/\/www.stand-by-off.com\/wp-content\/uploads\/2016\/10\/004_off_team.jpg\" \/><br \/>\n\t\t\t\t<img decoding=\"async\" src=\"https:\/\/www.stand-by-off.com\/wp-content\/uploads\/2016\/10\/008_off_team.jpg\" \/>\t\t\t\t\t\t\t\t<\/p>\n","protected":false},"excerpt":{"rendered":"<p class=\"excerpt\">Nuestros carpinteros trabajando Nuestra carpenteria es el coraz\u00f3n de sus stands. No solo por la profesionalidad y larga experiencia, sino tambi\u00e9n por una atenci\u00f3n especial hac\u00eda los materiales e instalaciones [&hellip;]<\/p>\n","protected":false},"author":3,"featured_media":0,"parent":0,"menu_order":0,"comment_status":"closed","ping_status":"closed","template":"builder.php","meta":{"footnotes":""},"class_list":["post-1924","page","type-page","status-publish","hentry"],"aioseo_notices":[],"_links":{"self":[{"href":"https:\/\/www.stand-by-off.com\/es\/wp-json\/wp\/v2\/pages\/1924","targetHints":{"allow":["GET"]}}],"collection":[{"href":"https:\/\/www.stand-by-off.com\/es\/wp-json\/wp\/v2\/pages"}],"about":[{"href":"https:\/\/www.stand-by-off.com\/es\/wp-json\/wp\/v2\/types\/page"}],"author":[{"embeddable":true,"href":"https:\/\/www.stand-by-off.com\/es\/wp-json\/wp\/v2\/users\/3"}],"replies":[{"embeddable":true,"href":"https:\/\/www.stand-by-off.com\/es\/wp-json\/wp\/v2\/comments?post=1924"}],"version-history":[{"count":2372,"href":"https:\/\/www.stand-by-off.com\/es\/wp-json\/wp\/v2\/pages\/1924\/revisions"}],"predecessor-version":[{"id":21702,"href":"https:\/\/www.stand-by-off.com\/es\/wp-json\/wp\/v2\/pages\/1924\/revisions\/21702"}],"wp:attachment":[{"href":"https:\/\/www.stand-by-off.com\/es\/wp-json\/wp\/v2\/media?parent=1924"}],"curies":[{"name":"wp","href":"https:\/\/api.w.org\/{rel}","templated":true}]}}