{"id":5544,"date":"2016-10-25T11:49:39","date_gmt":"2016-10-25T09:49:39","guid":{"rendered":"http:\/\/www.stand-by-off.com\/es\/impressum\/"},"modified":"2025-09-11T15:02:24","modified_gmt":"2025-09-11T13:02:24","slug":"impressum","status":"publish","type":"page","link":"https:\/\/www.stand-by-off.com\/es\/impressum\/","title":{"rendered":"impressum"},"content":{"rendered":"<p>Pie de prensa<\/p>\n<p>Angaben gem\u00e4\u00df \u00a7 5 TMG<br \/>\n<a>OFF &#8211; Maria Cristina Caracciolo e. K.<br \/>\nBiedenkopfer Weg 100<br \/>\nD \u2013 60489 Frankfurt am Main<br \/>\nTel. 0049 (0)69 78801262<br \/>\nFax 0049 (0)69 78801263<\/a><br \/>\n<a>info@stand-by-off.com<\/a><\/p>\n<p>Registereintrag<br \/>\n<a>Umsatzsteuer-Identifikationsnummer gem\u00e4\u00df \u00a727 a Umsatzsteuergesetz:<br \/>\nDE 188 12 34 36<br \/>\nAmtsgericht Frankfurt am Main<br \/>\nHRA 42 812<\/a><\/p>\n<p>Verantwortlich f\u00fcr den Inhalt nach \u00a7 55 Abs. 2 RStV<br \/>\n<a>Maria Cristina Caracciolo<\/a><\/p>\n<p>Design und technische Realisierung<br \/>\n<a>Simone Zanco <\/a><\/p>\n<p>Bild Startseite<br \/>\n<a>Molostock &#8211; Freepik.com<\/a><\/p>\n<p>Datenschutzerkl\u00e4rung OFF \u2013 Maria Cristina Caracciolo e. K.<\/p>\n<p>\u00a7 1 Information \u00fcber die Erhebung personenbezogener Daten<\/p>\n<p>(1) Hiermit informieren wir Sie \u00fcber die Erhebung personenbezogener Daten bei Nutzung unserer Website. Personenbezogene Daten sind alle Daten, die R\u00fcckschl\u00fcsse auf Ihre Person zulassen, z. B. Name, Adresse, E-Mail-Adresse, Nutzerverhalten.<\/p>\n<p>(2) Verantwortlicher im Sinne des Art. 4 Abs. 7 der EU-Datenschutz-Grundverordnung (im Folgenden: DSGVO) ist: OFF \u2013 Maria Cristina Caracciolo e. K., Biedenkopfer Weg 100, 60489 Frankfurt am Main (siehe auch unser Impressum). Unsere Datenschutzbeauftragte erreichen Sie info@stand-by-off.com oder unserer Postadresse mit dem Zusatz \u201ean die Datenschutzbeauftragte\u201c.]<\/p>\n<p>(3) Wenn Sie mit uns per E-Mail oder \u00fcber ein Online-Kontaktformular Kontakt aufnehmen, werden die von Ihnen mitgeteilten Daten (z.B. Ihre E-Mail-Adresse, ggf. Ihr Name und Ihre Telefonnummer) von uns gespeichert, um Ihr Anliegen zu bearbeiten bzw. Ihre Fragen zu beantworten. Die hierbei anfallenden Daten l\u00f6schen wir, sobald die weitere Speicherung nicht mehr erforderlich ist, oder schr\u00e4nken die Verarbeitung ein, sofern gesetzliche Aufbewahrungspflichten bestehen.<\/p>\n<p>(4) Sofern wir f\u00fcr einzelne Funktionen unseres Angebots mit externen Dienstleistern zusammenarbeiten oder Ihre Daten f\u00fcr werbliche Zwecke nutzen m\u00f6chten, werden wir Sie untenstehend im Detail \u00fcber die jeweiligen Vorg\u00e4nge informieren. Dabei nennen wir auch die festgelegten Kriterien der Speicherdauer.<\/p>\n<p>\u00a7 2 Ihre Rechte<\/p>\n<p>Sie haben uns gegen\u00fcber die im Folgenden aufgef\u00fchrten Rechte bez\u00fcglich Ihrer personenbezogenen Daten. Sie k\u00f6nnen uns u.a. \u00fcber die unter \u00a7 1 Abs. 2 genannten Kontaktdaten erreichen, um diese Rechte auszu\u00fcben.<\/p>\n<p>(1) Widerspruchsrecht (Art. 7 DSGVO)<\/p>\n<p>Verarbeiten wir Ihre personenbezogenen Daten, um Direktwerbung zu betreiben, so haben Sie das Recht, jederzeit mit Wirkung f\u00fcr die Zukunft Widerspruch gegen die Verarbeitung Sie betreffender personenbezogener Daten zum Zwecke derartiger Werbung einzulegen; dies gilt auch f\u00fcr das Profiling, soweit es mit solcher Direktwerbung in Verbindung steht. <\/p>\n<p>Sie haben au\u00dferdem das Recht, aus Gr\u00fcnden, die sich aus Ihrer besonderen Situation ergeben, jederzeit mit Wirkung f\u00fcr die Zukunft gegen die Verarbeitung Sie betreffender personenbezogener Daten, die gem\u00e4\u00df Art. 6 Abs. 1 S.1 lit. e oder f DSGVO erfolgt, Widerspruch einzulegen; dies gilt auch f\u00fcr ein auf diese Bestimmungen gest\u00fctztes Profiling. Das Widerspruchsrecht k\u00f6nnen Sie kostenfrei aus\u00fcben.<\/p>\n<p>(2) Auskunftsrecht (Art. 15 DSGVO)<\/p>\n<p>Sie haben jederzeit das Recht, von uns eine Best\u00e4tigung dar\u00fcber zu verlangen, ob Ihre Person betreffende Daten verarbeitet werden, sowie ggf. auf Auskunft bzgl. dieser personenbezogenen Daten und auf die weiteren in Art. 15 DSGVO genannten Informationen.<\/p>\n<p>(3) Berichtigungsrecht (Art. 16 DSGVO)<\/p>\n<p>Sie haben das Recht, von uns unverz\u00fcglich die Berichtigung Sie betreffender unrichtiger personenbezogener Daten zu verlangen (Art. 16 DSGVO). Unter Ber\u00fccksichtigung der Zwecke der Verarbeitung haben Sie das Recht, die Vervollst\u00e4ndigung unvollst\u00e4ndiger personenbezogener Daten \u2013 auch mittels einer erg\u00e4nzenden Erkl\u00e4rung \u2013 zu verlangen.<\/p>\n<p>(4) Recht auf L\u00f6schung (bzw. \u201eRecht auf Vergessenwerden\u201c) (Art. 17 DSGVO)<\/p>\n<p>Sie haben das Recht, von uns zu verlangen, dass die Sie betreffenden personenbezogenen Daten bei uns unverz\u00fcglich gel\u00f6scht werden, sofern einer der in Art. 17 Abs. 1 DSGVO genannten Gr\u00fcnde zutrifft und die Verarbeitung nicht f\u00fcr einen der in Art. 17 Abs. 3 DSGVO geregelten Zwecke erforderlich ist.<\/p>\n<p>(5) Recht auf Einschr\u00e4nkung der Verarbeitung (Art. 18 DSGVO)<\/p>\n<p>Sie k\u00f6nnen zudem eine Einschr\u00e4nkung bei der Verarbeitung Ihrer personenbezogenen Daten verlangen, wenn eine der in Art. 18 Abs. 1 lit. a bis d DSGVO geregelten Voraussetzungen gegeben ist.<\/p>\n<p>(6) Recht auf Daten\u00fcbertragbarkeit (Art. 20 DSGVO)<\/p>\n<p>Sie haben unter den in Art. 20 Abs. 1 DSGVO genannten Voraussetzungen das Recht, die Sie betreffenden personenbezogenen Daten, die Sie uns \u00fcbermittelt haben, in einem strukturierten, g\u00e4ngigen und maschinenlesbaren Format zu erhalten. Auch haben Sie das Recht, diese Daten einem anderen Verantwortlichen ohne Behinderung durch uns zu \u00fcbermitteln. Bei der Aus\u00fcbung des Rechts auf Daten\u00fcbertragbarkeit haben Sie einen Anspruch, dass die personenbezogenen Daten direkt von uns an die andere verantwortliche Stelle \u00fcbermittelt werden, soweit dies technisch machbar ist.<\/p>\n<p>(7) Widerrufsrecht bei Einwilligung (Art. 7 DSGVO)<\/p>\n<p>Wenn die Verarbeitung auf Ihrer Einwilligung beruht, haben Sie das Recht, die einmal erteilte Einwilligung jederzeit zu widerrufen. Die Rechtm\u00e4\u00dfigkeit der zwischen Einwilligung und deren Widerruf erfolgten Verarbeitung wird dadurch nicht nachtr\u00e4glich angetastet.<\/p>\n<p><a><\/a>(8) Beschwerderecht (Art. 77 DSGVO)<\/p>\n<p>Sie haben ein Beschwerderecht bei der f\u00fcr unser Unternehmen zust\u00e4ndigen Aufsichtsbeh\u00f6rde. Die f\u00fcr unser Unternehmen zust\u00e4ndige Aufsichtsbeh\u00f6rde ist: <\/p>\n<p><a><\/a>Der Hessische Datenschutzbeauftragte, Postfach 3163, 65021 Wiesbaden<\/p>\n<p>E-Mail: <a href=\"mailto:Poststelle@datenschutz.hessen.de\">Poststelle@datenschutz.hessen.de<\/a>, www. datenschutz.hessen.de<\/p>\n<p>Telefon: +49 611 1408 \u2013 0, Telefax: +49 611 1408 \u2013 900<\/p>\n<p>\u00a7 3 Erhebung personenbezogener Daten bei Besuch unserer Website<\/p>\n<p>(1) Bei der blo\u00df informatorischen Nutzung der Website, also wenn Sie sich nicht registrieren oder uns anderweitig Informationen \u00fcbermitteln, erheben wir automatisch nur diejenigen personenbezogenen Daten, die Ihr Browser an unseren Server \u00fcbermittelt. Es handelt sich hierbei um die folgenden Daten, die f\u00fcr uns technisch erforderlich sind, um Ihnen unsere Website anzuzeigen und die Stabilit\u00e4t und Sicherheit zu gew\u00e4hrleisten (Rechtsgrundlage ist Art. 6 Abs. 1 S. 1 lit. f DSGVO):<\/p>\n<p>\u2013 IP-Adresse<\/p>\n<p>\u2013 Datum und Uhrzeit der Anfrage<\/p>\n<p>\u2013 Zeitzonendifferenz zur Greenwich Mean Time (GMT)<\/p>\n<p>\u2013 Inhalt der Anforderung (konkrete Seite)<\/p>\n<p>\u2013 Zugriffsstatus\/HTTP-Statuscode<\/p>\n<p>\u2013 jeweils \u00fcbertragene Datenmenge<\/p>\n<p>\u2013 Website, von der die Anforderung kommt<\/p>\n<p>\u2013 Browser<\/p>\n<p>\u2013 Betriebssystem und dessen Oberfl\u00e4che<\/p>\n<p>\u2013 Sprache und Version der Browsersoftware.<\/p>\n<p>\u00a7 4 Datenverarbeitung bei Bewerbungen<\/p>\n<p>(1) Wenn Sie sich bei uns bewerben, speichern und verarbeiten wir diejenigen Informationen, die wir im Rahmen der Bewerbung von Ihnen erhalten, z.B. durch Bewerbungsschreiben bzw. E-Mail, Lebenslauf, Zeugnisse, Schriftverkehr, telefonische oder m\u00fcndliche Angaben. F\u00fcr uns von Relevanz sind neben Ihren Kontaktdaten insbesondere Angaben zu Ihrer Ausbildung, Ihrer Qualifikation, Ihrer Arbeitserfahrung und Ihren F\u00e4higkeiten. Wir werden Sie nur nach Ihrer Eignung f\u00fcr die jeweilige Stelle beurteilen, sodass Sie uns grunds\u00e4tzlich kein Foto schicken m\u00fcssen.<\/p>\n<p>(2) Ihre Daten werden zun\u00e4chst ausschlie\u00dflich zur Durchf\u00fchrung des Bewerbungsverfahrens verarbeitet. Im Falle einer Einstellung werden sie Bestandteil Ihrer bei uns gef\u00fchrten Personalakte. Sie werden dann zur Verwaltung und ggf. Beendigung des Besch\u00e4ftigungsverh\u00e4ltnisses verwendet und nach den f\u00fcr Personalakten geltenden Regelungen vernichtet bzw. gel\u00f6scht. K\u00f6nnen wir Ihnen derzeit keine Besch\u00e4ftigung anbieten, speichern wir Ihre Daten noch bis zu sechs Monate nach Versand der Absage, um uns gegen eventuelle Rechtsanspr\u00fcche zu verteidigen, z.B. wegen einer angeblichen Diskriminierung im Bewerbungsverfahren. Soweit Sie Kostenerstattungen erhalten oder andere steuerrelevante Vorg\u00e4nge vorliegen, werden die entsprechenden Buchungsunterlagen zur Erf\u00fcllung der haushalts- und steuerrechtlichen Aufbewahrungspflichten bis maximal zum 31. M\u00e4rz des elften Kalenderjahrs nach der Zahlung, im Fall von Handels- und Gesch\u00e4ftsbriefen und anderen besteuerungsrelevanten Unterlagen des siebten Kalenderjahrs nach ihrer Entstehung aufbewahrt. <\/p>\n<p>(3) Rechtsgrundlage der Datenverarbeitung im Bewerbungsverfahren und als Bestandteil der Personalakte sind \u00a7 26 Abs. 1 S. 1 BDSG und Art. 6 Abs. 1 Unterabs. 1 lit. b DSGVO und, wenn Sie eine Einwilligung erteilt haben, etwa durch \u00dcbersendung nicht f\u00fcr das Bewerbungsverfahren notwendiger Angaben, Art. 6 Abs. 1 Unterabs. 1 lit. a DSGVO. Rechtsgrundlage der Datenverarbeitung nach einer Absage ist Art. 6 Abs. 1 UAbs. 1 lit. f DSGVO. Rechtsgrundlage f\u00fcr die haushalts- und steuerrechtliche Aufbewahrung ist Art. 6 Abs. 1 UAbs. 1 lit. c DSGVO i.V.m. \u00a7 147 AO. Das berechtigte Interesse bei Verarbeitung auf der Basis von Art. 6 Abs. 1 UAbs. 1 lit. f DSGVO besteht in der Verteidigung gegen Rechtsanspr\u00fcche.<\/p>\n<p>(4) Wir ben\u00f6tigen f\u00fcr den Bewerbungsprozess in der Regel keine besonderen Kategorien personenbezogener Daten i.S.d. Art. 9 DSGVO. Wir bitten Sie, uns von vornherein keine derartigen Informationen zukommen zu lassen. Wenn solche Informationen ausnahmsweise f\u00fcr den Bewerbungsprozess relevant sind, verarbeiten wir sie zusammen mit Ihren anderen Bewerberdaten. Dies kann beispielsweise Angaben \u00fcber eine Schwerbehinderung betreffen, die Sie uns freiwillig machen k\u00f6nnen und die wir dann zur Erf\u00fcllung unserer besonderen Verpflichtungen im Hinblick auf Schwerbehinderte verarbeiten m\u00fcssen. In diesen F\u00e4llen dient die Verarbeitung der Aus\u00fcbung von Rechten oder der Erf\u00fcllung von rechtlichen Pflichten aus dem Arbeitsrecht, dem Recht der sozialen Sicherheit und dem Sozialschutz. Rechtsgrundlage der Datenverarbeitung sind dann Art. 9 Abs. 2 lit. b DSGVO, \u00a7\u00a7 26 Abs. 3 BDSG, 164 SGB IX. Ausnahmsweise kann es erforderlich sein, zur Beurteilung Ihrer Eignung f\u00fcr die vorgesehene T\u00e4tigkeit Informationen \u00fcber Ihre Gesundheit oder eine Behinderung oder eine Auskunft aus dem Bundeszentralregister, d.h. \u00fcber Vorstrafen, einzuholen. Rechtsgrundlage hierf\u00fcr ist \u00a7 26 BDSG.<\/p>\n<p>(5) Ihre Daten werden von uns weder f\u00fcr eine automatisierte Entscheidungsfindung oder f\u00fcr ein Profiling verwendet und auch nicht an Dritte weitergegeben. Ihre Daten werden durch uns oder in unserem Auftrag ausschlie\u00dflich in Deutschland verarbeitet.<\/p>\n","protected":false},"excerpt":{"rendered":"<p class=\"excerpt\">Pie de prensa Angaben gem\u00e4\u00df \u00a7 5 TMG OFF &#8211; Maria Cristina Caracciolo e. K. Biedenkopfer Weg 100 D \u2013 60489 Frankfurt am Main Tel. 0049 (0)69 78801262 Fax 0049 [&hellip;]<\/p>\n","protected":false},"author":3,"featured_media":0,"parent":0,"menu_order":0,"comment_status":"closed","ping_status":"closed","template":"builder.php","meta":{"footnotes":""},"class_list":["post-5544","page","type-page","status-publish","hentry"],"aioseo_notices":[],"_links":{"self":[{"href":"https:\/\/www.stand-by-off.com\/es\/wp-json\/wp\/v2\/pages\/5544","targetHints":{"allow":["GET"]}}],"collection":[{"href":"https:\/\/www.stand-by-off.com\/es\/wp-json\/wp\/v2\/pages"}],"about":[{"href":"https:\/\/www.stand-by-off.com\/es\/wp-json\/wp\/v2\/types\/page"}],"author":[{"embeddable":true,"href":"https:\/\/www.stand-by-off.com\/es\/wp-json\/wp\/v2\/users\/3"}],"replies":[{"embeddable":true,"href":"https:\/\/www.stand-by-off.com\/es\/wp-json\/wp\/v2\/comments?post=5544"}],"version-history":[{"count":1266,"href":"https:\/\/www.stand-by-off.com\/es\/wp-json\/wp\/v2\/pages\/5544\/revisions"}],"predecessor-version":[{"id":21695,"href":"https:\/\/www.stand-by-off.com\/es\/wp-json\/wp\/v2\/pages\/5544\/revisions\/21695"}],"wp:attachment":[{"href":"https:\/\/www.stand-by-off.com\/es\/wp-json\/wp\/v2\/media?parent=5544"}],"curies":[{"name":"wp","href":"https:\/\/api.w.org\/{rel}","templated":true}]}}